{"id":2123,"date":"2021-07-13T16:44:11","date_gmt":"2021-07-13T15:44:11","guid":{"rendered":"http:\/\/etshaim.de\/?page_id=2123"},"modified":"2022-05-16T12:05:24","modified_gmt":"2022-05-16T11:05:24","slug":"impressum","status":"publish","type":"page","link":"https:\/\/etshaim.de\/de\/impressum\/","title":{"rendered":"Impressum"},"content":{"rendered":"<h1 class=\"wp-block-heading\"><strong>Angaben gem\u00e4\u00df \u00a7 5 TMG:<\/strong><\/h1>\n\n\n\n<p>     Beit Sar Shalom Evangeliumsdienst e.V.<br>     Gardesch\u00fctzenweg 96A<br>     12203 Berlin<\/p>\n\n\n\n<div style=\"height:20px\" aria-hidden=\"true\" class=\"wp-block-spacer\"><\/div>\n\n\n\n<h1 class=\"wp-block-heading\"><strong><strong><strong>Vertreten durch<\/strong><\/strong><\/strong>:<\/h1>\n\n\n\n<p>     Igor Swiderski<\/p>\n\n\n\n<div style=\"height:20px\" aria-hidden=\"true\" class=\"wp-block-spacer\"><\/div>\n\n\n\n<h1 class=\"wp-block-heading\"><strong>Kontakt:<\/strong><\/h1>\n\n\n\n<p>      Telefon: +49 89 \/ 44 38 34 21&nbsp;<br>&nbsp;     E-Mail:&nbsp;office@etshaim.de<br>&nbsp;     www.beitsarshalom.org<\/p>\n\n\n\n<div style=\"height:21px\" aria-hidden=\"true\" class=\"wp-block-spacer\"><\/div>\n\n\n\n<h1 class=\"wp-block-heading\"><strong>Registereintrag.<\/strong><\/h1>\n\n\n\n<p>     Eintragung im Vereinsregister.<br>     Registergericht: Berlin-Charlottenburg<br>     Registernummer: VR 16856<\/p>\n\n\n\n<p>Wir sind wegen der F\u00f6rderung religi\u00f6ser Zwecke nach dem letzten uns zugegangenen Freistellungsbescheid des Finanzamtes Berlin, Steuernummer 27\/656\/53752, vom 25.06.2010 f\u00fcr die Jahre 2007, 2008 und 2009 nach \u00a75 Abs. 1 Nr. 9 des K\u00f6rperschaftssteuergesetzes von der K\u00f6rperschaftssteuer und nach \u00a7 3 Nr. 6 des Gewerbesteuergesetzes von der Gewerbesteuer befreit und als ausschlie\u00dflich und unmittelbar steuerbeg\u00fcnstigten gemeinn\u00fctzigen Zwecken im Sinne der \u00a7\u00a7 51 ff. AO dienend anerkannt.<\/p>\n\n\n\n<div style=\"height:21px\" aria-hidden=\"true\" class=\"wp-block-spacer\"><\/div>\n\n\n\n<h1 class=\"wp-block-heading\"><strong>Verantwortlich f\u00fcr den Inhalt nach \u00a7 55 Abs. 2 RStV.<\/strong><\/h1>\n\n\n\n<p>     Beit Sar Shalom Evangeliumsdienst e. V. \u00a0 \u00a0<br>\u00a0 \u00a0 \u00a0Gardesch\u00fctzenweg 96A<br>\u00a0 \u00a0 \u00a012203 Berlin<br>\u00a0 \u00a0 \u00a0Igor Swiderski<\/p>\n\n\n\n<div style=\"height:21px\" aria-hidden=\"true\" class=\"wp-block-spacer\"><\/div>\n\n\n\n<h1 class=\"wp-block-heading\"><strong>Streitschlichtung<\/strong><\/h1>\n\n\n\n<p>Die Europ\u00e4ische Kommission stellt eine Plattform zur Online-Streitbeilegung (OS) bereit: <a href=\"https:\/\/ec.europa.eu\/consumers\/odr\" class=\"ek-link\">https:\/\/ec.europa.eu\/consumers\/odr<\/a>.<br>Unsere E-Mail-Adresse finden Sie oben im Impressum.\u00a0<\/p>\n\n\n\n<p>Wir sind nicht bereit oder verpflichtet, an Streitbeilegungsverfahren vor einer Verbraucherschlichtungsstelle teilzunehmen.<\/p>\n\n\n\n<div style=\"height:21px\" aria-hidden=\"true\" class=\"wp-block-spacer\"><\/div>\n\n\n\n<h1 class=\"wp-block-heading\"><strong>Haftung f\u00fcr Inhalte<\/strong><\/h1>\n\n\n\n<p>Als Diensteanbieter sind wir gem\u00e4\u00df \u00a7 7 Abs.1 TMG f\u00fcr eigene Inhalte auf diesen Seiten nach den allgemeinen Gesetzen verantwortlich. Nach \u00a7\u00a7 8 bis 10 TMG sind wir als Diensteanbieter jedoch nicht verpflichtet, \u00fcbermittelte oder gespeicherte fremde Informationen zu \u00fcberwachen oder nach Umst\u00e4nden zu forschen, die auf eine rechtswidrige T\u00e4tigkeit hinweisen.\u00a0<\/p>\n\n\n\n<p>Verpflichtungen zur Entfernung oder Sperrung der Nutzung von Informationen nach den allgemeinen Gesetzen bleiben hiervon unber\u00fchrt. Eine diesbez\u00fcgliche Haftung ist jedoch erst ab dem Zeitpunkt der Kenntnis einer konkreten Rechtsverletzung m\u00f6glich. Bei Bekanntwerden von entsprechenden Rechtsverletzungen werden wir diese Inhalte umgehend entfernen.<\/p>\n\n\n\n<div style=\"height:21px\" aria-hidden=\"true\" class=\"wp-block-spacer\"><\/div>\n\n\n\n<h1 class=\"wp-block-heading\"><strong>Haftung f\u00fcr Links<\/strong><\/h1>\n\n\n\n<p>Unser Angebot enth\u00e4lt Links zu externen Websites Dritter, auf deren Inhalte wir keinen Einfluss haben. Deshalb k\u00f6nnen wir f\u00fcr diese fremden Inhalte auch keine Gew\u00e4hr \u00fcbernehmen. F\u00fcr die Inhalte der verlinkten Seiten ist stets der jeweilige Anbieter oder Betreiber der Seiten verantwortlich. Die verlinkten Seiten wurden zum Zeitpunkt der Verlinkung auf m\u00f6gliche Rechtsverst\u00f6\u00dfe \u00fcberpr\u00fcft. Rechtswidrige Inhalte waren zum Zeitpunkt der Verlinkung nicht erkennbar.\u00a0<\/p>\n\n\n\n<p>Eine permanente inhaltliche Kontrolle der verlinkten Seiten ist jedoch ohne konkrete Anhaltspunkte einer Rechtsverletzung nicht zumutbar. Bei Bekanntwerden von Rechtsverletzungen werden wir derartige Links umgehend entfernen.<\/p>\n\n\n\n<div style=\"height:21px\" aria-hidden=\"true\" class=\"wp-block-spacer\"><\/div>\n\n\n\n<h1 class=\"wp-block-heading\"><strong>Urheberrecht<\/strong><\/h1>\n\n\n\n<p>Die durch die Seitenbetreiber erstellten Inhalte und Werke auf diesen Seiten unterliegen dem deutschen Urheberrecht. Die Vervielf\u00e4ltigung, Bearbeitung, Verbreitung und jede Art der Verwertung au\u00dferhalb der Grenzen des Urheberrechtes bed\u00fcrfen der schriftlichen Zustimmung des jeweiligen Autors bzw. Erstellers. Downloads und Kopien dieser Seite sind nur f\u00fcr den privaten, nicht kommerziellen Gebrauch gestattet. <\/p>\n\n\n\n<p>Soweit die Inhalte auf dieser Seite nicht vom Betreiber erstellt wurden, werden die Urheberrechte Dritter beachtet. Insbesondere werden Inhalte Dritter als solche gekennzeichnet. Sollten Sie trotzdem auf eine Urheberrechtsverletzung aufmerksam werden, bitten wir um einen entsprechenden Hinweis. Bei Bekanntwerden von Rechtsverletzungen werden wir derartige Inhalte umgehend entfernen.<\/p>","protected":false},"excerpt":{"rendered":"<p>Angaben gem\u00e4\u00df \u00a7 5 TMG: Beit Sar Shalom Evangeliumsdienst e.V. Gardesch\u00fctzenweg 96A 12203 Berlin Vertreten Durch\u200b\u200b: Igor Swiderski Kontakt: Telefon: +49 89 \/ 44 38 34 21&nbsp;&nbsp; E-Mail:&nbsp;office@etshaim.de&nbsp; www.beitsarshalom.org Registereintrag:\u200b Eintragung im Vereinsregister. Registergericht: Berlin-Charlottenburg Registernummer: VR 16856 Wir sind wegen der F\u00f6rderung religi\u00f6ser Zwecke nach dem letzten uns zugegangenen Freistellungsbescheid des&nbsp;Finanzamtes Berlin, Steuernummer 27\/656\/53752, [&hellip;]<\/p>\n","protected":false},"author":1,"featured_media":0,"parent":0,"menu_order":0,"comment_status":"closed","ping_status":"closed","template":"","meta":{"_editorskit_title_hidden":false,"_editorskit_reading_time":2,"_editorskit_is_block_options_detached":false,"_editorskit_block_options_position":"{}","inline_featured_image":false,"_uag_custom_page_level_css":"","advgb_blocks_editor_width":"","advgb_blocks_columns_visual_guide":"","_exactmetrics_skip_tracking":false,"_exactmetrics_sitenote_active":false,"_exactmetrics_sitenote_note":"","_exactmetrics_sitenote_category":0,"ocean_post_layout":"","ocean_both_sidebars_style":"","ocean_both_sidebars_content_width":0,"ocean_both_sidebars_sidebars_width":0,"ocean_sidebar":"0","ocean_second_sidebar":"0","ocean_disable_margins":"enable","ocean_add_body_class":"","ocean_shortcode_before_top_bar":"","ocean_shortcode_after_top_bar":"","ocean_shortcode_before_header":"","ocean_shortcode_after_header":"","ocean_has_shortcode":"","ocean_shortcode_after_title":"","ocean_shortcode_before_footer_widgets":"","ocean_shortcode_after_footer_widgets":"","ocean_shortcode_before_footer_bottom":"","ocean_shortcode_after_footer_bottom":"","ocean_display_top_bar":"default","ocean_display_header":"default","ocean_header_style":"","ocean_center_header_left_menu":"0","ocean_custom_header_template":"0","ocean_custom_logo":0,"ocean_custom_retina_logo":0,"ocean_custom_logo_max_width":0,"ocean_custom_logo_tablet_max_width":0,"ocean_custom_logo_mobile_max_width":0,"ocean_custom_logo_max_height":0,"ocean_custom_logo_tablet_max_height":0,"ocean_custom_logo_mobile_max_height":0,"ocean_header_custom_menu":"0","ocean_menu_typo_font_family":"0","ocean_menu_typo_font_subset":"","ocean_menu_typo_font_size":0,"ocean_menu_typo_font_size_tablet":0,"ocean_menu_typo_font_size_mobile":0,"ocean_menu_typo_font_size_unit":"px","ocean_menu_typo_font_weight":"","ocean_menu_typo_font_weight_tablet":"","ocean_menu_typo_font_weight_mobile":"","ocean_menu_typo_transform":"","ocean_menu_typo_transform_tablet":"","ocean_menu_typo_transform_mobile":"","ocean_menu_typo_line_height":0,"ocean_menu_typo_line_height_tablet":0,"ocean_menu_typo_line_height_mobile":0,"ocean_menu_typo_line_height_unit":"","ocean_menu_typo_spacing":0,"ocean_menu_typo_spacing_tablet":0,"ocean_menu_typo_spacing_mobile":0,"ocean_menu_typo_spacing_unit":"","ocean_menu_link_color":"","ocean_menu_link_color_hover":"","ocean_menu_link_color_active":"","ocean_menu_link_background":"","ocean_menu_link_hover_background":"","ocean_menu_link_active_background":"","ocean_menu_social_links_bg":"","ocean_menu_social_hover_links_bg":"","ocean_menu_social_links_color":"","ocean_menu_social_hover_links_color":"","ocean_disable_title":"default","ocean_disable_heading":"default","ocean_post_title":"","ocean_post_subheading":"","ocean_post_title_style":"","ocean_post_title_background_color":"","ocean_post_title_background":0,"ocean_post_title_bg_image_position":"","ocean_post_title_bg_image_attachment":"","ocean_post_title_bg_image_repeat":"","ocean_post_title_bg_image_size":"","ocean_post_title_height":0,"ocean_post_title_bg_overlay":0.5,"ocean_post_title_bg_overlay_color":"","ocean_disable_breadcrumbs":"default","ocean_breadcrumbs_color":"","ocean_breadcrumbs_separator_color":"","ocean_breadcrumbs_links_color":"","ocean_breadcrumbs_links_hover_color":"","ocean_display_footer_widgets":"default","ocean_display_footer_bottom":"default","ocean_custom_footer_template":"0","_themeisle_gutenberg_block_has_review":false,"footnotes":""},"class_list":["post-2123","page","type-page","status-publish","hentry","entry"],"yoast_head":"<!-- This site is optimized with the Yoast SEO plugin v27.6 - https:\/\/yoast.com\/product\/yoast-seo-wordpress\/ -->\n<title>Impressum - \u042d\u0446-\u0425\u0430\u0438\u043c<\/title>\n<meta name=\"robots\" content=\"index, follow, max-snippet:-1, max-image-preview:large, max-video-preview:-1\" \/>\n<link rel=\"canonical\" href=\"https:\/\/etshaim.de\/de\/impressum\/\" \/>\n<meta property=\"og:locale\" content=\"de_DE\" \/>\n<meta property=\"og:type\" content=\"article\" \/>\n<meta property=\"og:title\" content=\"Impressum - \u042d\u0446-\u0425\u0430\u0438\u043c\" \/>\n<meta property=\"og:description\" content=\"Angaben gem\u00e4\u00df \u00a7 5 TMG: Beit Sar Shalom Evangeliumsdienst e.V. Gardesch\u00fctzenweg 96A 12203 Berlin Vertreten Durch\u200b\u200b: Igor Swiderski Kontakt: Telefon: +49 89 \/ 44 38 34 21&nbsp;&nbsp; E-Mail:&nbsp;office@etshaim.de&nbsp; www.beitsarshalom.org Registereintrag:\u200b Eintragung im Vereinsregister. Registergericht: Berlin-Charlottenburg Registernummer: VR 16856 Wir sind wegen der F\u00f6rderung religi\u00f6ser Zwecke nach dem letzten uns zugegangenen Freistellungsbescheid des&nbsp;Finanzamtes Berlin, Steuernummer 27\/656\/53752, [&hellip;]\" \/>\n<meta property=\"og:url\" content=\"https:\/\/etshaim.de\/de\/impressum\/\" \/>\n<meta property=\"og:site_name\" content=\"\u042d\u0446-\u0425\u0430\u0438\u043c\" \/>\n<meta property=\"article:publisher\" content=\"https:\/\/www.facebook.com\/etshaim.m\/\" \/>\n<meta property=\"article:modified_time\" content=\"2022-05-16T11:05:24+00:00\" \/>\n<meta property=\"og:image\" content=\"https:\/\/etshaim.de\/wp-content\/uploads\/2018\/12\/Ez_haiim-LOGO-no-Bckgrnd-1.png\" \/>\n\t<meta property=\"og:image:width\" content=\"2069\" \/>\n\t<meta property=\"og:image:height\" content=\"1551\" \/>\n\t<meta property=\"og:image:type\" content=\"image\/png\" \/>\n<meta name=\"twitter:card\" content=\"summary_large_image\" \/>\n<meta name=\"twitter:label1\" content=\"Gesch\u00e4tzte Lesezeit\" \/>\n\t<meta name=\"twitter:data1\" content=\"3\u00a0Minuten\" \/>\n<script type=\"application\/ld+json\" class=\"yoast-schema-graph\">{\"@context\":\"https:\\\/\\\/schema.org\",\"@graph\":[{\"@type\":\"WebPage\",\"@id\":\"https:\\\/\\\/etshaim.de\\\/impressum\\\/\",\"url\":\"https:\\\/\\\/etshaim.de\\\/impressum\\\/\",\"name\":\"Impressum - \u042d\u0446-\u0425\u0430\u0438\u043c\",\"isPartOf\":{\"@id\":\"https:\\\/\\\/etshaim.de\\\/#website\"},\"datePublished\":\"2021-07-13T15:44:11+00:00\",\"dateModified\":\"2022-05-16T11:05:24+00:00\",\"breadcrumb\":{\"@id\":\"https:\\\/\\\/etshaim.de\\\/impressum\\\/#breadcrumb\"},\"inLanguage\":\"de\",\"potentialAction\":[{\"@type\":\"ReadAction\",\"target\":[\"https:\\\/\\\/etshaim.de\\\/impressum\\\/\"]}]},{\"@type\":\"BreadcrumbList\",\"@id\":\"https:\\\/\\\/etshaim.de\\\/impressum\\\/#breadcrumb\",\"itemListElement\":[{\"@type\":\"ListItem\",\"position\":1,\"name\":\"\u0413\u043b\u0430\u0432\u043d\u0430\u044f \u0441\u0442\u0440\u0430\u043d\u0438\u0446\u0430\",\"item\":\"https:\\\/\\\/etshaim.de\\\/\"},{\"@type\":\"ListItem\",\"position\":2,\"name\":\"Impressum\"}]},{\"@type\":\"WebSite\",\"@id\":\"https:\\\/\\\/etshaim.de\\\/#website\",\"url\":\"https:\\\/\\\/etshaim.de\\\/\",\"name\":\"\u042d\u0446-\u0425\u0430\u0438\u043c\",\"description\":\"\",\"publisher\":{\"@id\":\"https:\\\/\\\/etshaim.de\\\/#organization\"},\"potentialAction\":[{\"@type\":\"SearchAction\",\"target\":{\"@type\":\"EntryPoint\",\"urlTemplate\":\"https:\\\/\\\/etshaim.de\\\/?s={search_term_string}\"},\"query-input\":{\"@type\":\"PropertyValueSpecification\",\"valueRequired\":true,\"valueName\":\"search_term_string\"}}],\"inLanguage\":\"de\"},{\"@type\":\"Organization\",\"@id\":\"https:\\\/\\\/etshaim.de\\\/#organization\",\"name\":\"\u0415\u0432\u0440\u0435\u0439\u0441\u043a\u0430\u044f \u043c\u0435\u0441\u0441\u0438\u0430\u043d\u0441\u043a\u0430\u044f \u043e\u0431\u0449\u0438\u043d\u0430 \u042d\u0446-\u0425\u0430\u0438\u043c\",\"url\":\"https:\\\/\\\/etshaim.de\\\/\",\"logo\":{\"@type\":\"ImageObject\",\"inLanguage\":\"de\",\"@id\":\"https:\\\/\\\/etshaim.de\\\/#\\\/schema\\\/logo\\\/image\\\/\",\"url\":\"https:\\\/\\\/etshaim.de\\\/wp-content\\\/uploads\\\/2018\\\/12\\\/Ez_haiim-LOGO-no-Bckgrnd-1.png\",\"contentUrl\":\"https:\\\/\\\/etshaim.de\\\/wp-content\\\/uploads\\\/2018\\\/12\\\/Ez_haiim-LOGO-no-Bckgrnd-1.png\",\"width\":2069,\"height\":1551,\"caption\":\"\u0415\u0432\u0440\u0435\u0439\u0441\u043a\u0430\u044f \u043c\u0435\u0441\u0441\u0438\u0430\u043d\u0441\u043a\u0430\u044f \u043e\u0431\u0449\u0438\u043d\u0430 \u042d\u0446-\u0425\u0430\u0438\u043c\"},\"image\":{\"@id\":\"https:\\\/\\\/etshaim.de\\\/#\\\/schema\\\/logo\\\/image\\\/\"},\"sameAs\":[\"https:\\\/\\\/www.facebook.com\\\/etshaim.m\\\/\",\"https:\\\/\\\/www.youtube.com\\\/channel\\\/UCtvQWmRQ9VnET_0b8eJ7trw?view_as=subscriber\"]}]}<\/script>\n<!-- \/ Yoast SEO plugin. -->","yoast_head_json":{"title":"Impressum - \u042d\u0446-\u0425\u0430\u0438\u043c","robots":{"index":"index","follow":"follow","max-snippet":"max-snippet:-1","max-image-preview":"max-image-preview:large","max-video-preview":"max-video-preview:-1"},"canonical":"https:\/\/etshaim.de\/de\/impressum\/","og_locale":"de_DE","og_type":"article","og_title":"Impressum - \u042d\u0446-\u0425\u0430\u0438\u043c","og_description":"Angaben gem\u00e4\u00df \u00a7 5 TMG: Beit Sar Shalom Evangeliumsdienst e.V. Gardesch\u00fctzenweg 96A 12203 Berlin Vertreten Durch\u200b\u200b: Igor Swiderski Kontakt: Telefon: +49 89 \/ 44 38 34 21&nbsp;&nbsp; E-Mail:&nbsp;office@etshaim.de&nbsp; www.beitsarshalom.org Registereintrag:\u200b Eintragung im Vereinsregister. Registergericht: Berlin-Charlottenburg Registernummer: VR 16856 Wir sind wegen der F\u00f6rderung religi\u00f6ser Zwecke nach dem letzten uns zugegangenen Freistellungsbescheid des&nbsp;Finanzamtes Berlin, Steuernummer 27\/656\/53752, [&hellip;]","og_url":"https:\/\/etshaim.de\/de\/impressum\/","og_site_name":"\u042d\u0446-\u0425\u0430\u0438\u043c","article_publisher":"https:\/\/www.facebook.com\/etshaim.m\/","article_modified_time":"2022-05-16T11:05:24+00:00","og_image":[{"width":2069,"height":1551,"url":"https:\/\/etshaim.de\/wp-content\/uploads\/2018\/12\/Ez_haiim-LOGO-no-Bckgrnd-1.png","type":"image\/png"}],"twitter_card":"summary_large_image","twitter_misc":{"Gesch\u00e4tzte Lesezeit":"3\u00a0Minuten"},"schema":{"@context":"https:\/\/schema.org","@graph":[{"@type":"WebPage","@id":"https:\/\/etshaim.de\/impressum\/","url":"https:\/\/etshaim.de\/impressum\/","name":"Impressum - \u042d\u0446-\u0425\u0430\u0438\u043c","isPartOf":{"@id":"https:\/\/etshaim.de\/#website"},"datePublished":"2021-07-13T15:44:11+00:00","dateModified":"2022-05-16T11:05:24+00:00","breadcrumb":{"@id":"https:\/\/etshaim.de\/impressum\/#breadcrumb"},"inLanguage":"de","potentialAction":[{"@type":"ReadAction","target":["https:\/\/etshaim.de\/impressum\/"]}]},{"@type":"BreadcrumbList","@id":"https:\/\/etshaim.de\/impressum\/#breadcrumb","itemListElement":[{"@type":"ListItem","position":1,"name":"\u0413\u043b\u0430\u0432\u043d\u0430\u044f \u0441\u0442\u0440\u0430\u043d\u0438\u0446\u0430","item":"https:\/\/etshaim.de\/"},{"@type":"ListItem","position":2,"name":"Impressum"}]},{"@type":"WebSite","@id":"https:\/\/etshaim.de\/#website","url":"https:\/\/etshaim.de\/","name":"Ez-Chaim","description":"","publisher":{"@id":"https:\/\/etshaim.de\/#organization"},"potentialAction":[{"@type":"SearchAction","target":{"@type":"EntryPoint","urlTemplate":"https:\/\/etshaim.de\/?s={search_term_string}"},"query-input":{"@type":"PropertyValueSpecification","valueRequired":true,"valueName":"search_term_string"}}],"inLanguage":"de"},{"@type":"Organization","@id":"https:\/\/etshaim.de\/#organization","name":"\u0415\u0432\u0440\u0435\u0439\u0441\u043a\u0430\u044f \u043c\u0435\u0441\u0441\u0438\u0430\u043d\u0441\u043a\u0430\u044f \u043e\u0431\u0449\u0438\u043d\u0430 \u042d\u0446-\u0425\u0430\u0438\u043c","url":"https:\/\/etshaim.de\/","logo":{"@type":"ImageObject","inLanguage":"de","@id":"https:\/\/etshaim.de\/#\/schema\/logo\/image\/","url":"https:\/\/etshaim.de\/wp-content\/uploads\/2018\/12\/Ez_haiim-LOGO-no-Bckgrnd-1.png","contentUrl":"https:\/\/etshaim.de\/wp-content\/uploads\/2018\/12\/Ez_haiim-LOGO-no-Bckgrnd-1.png","width":2069,"height":1551,"caption":"\u0415\u0432\u0440\u0435\u0439\u0441\u043a\u0430\u044f \u043c\u0435\u0441\u0441\u0438\u0430\u043d\u0441\u043a\u0430\u044f \u043e\u0431\u0449\u0438\u043d\u0430 \u042d\u0446-\u0425\u0430\u0438\u043c"},"image":{"@id":"https:\/\/etshaim.de\/#\/schema\/logo\/image\/"},"sameAs":["https:\/\/www.facebook.com\/etshaim.m\/","https:\/\/www.youtube.com\/channel\/UCtvQWmRQ9VnET_0b8eJ7trw?view_as=subscriber"]}]}},"uagb_featured_image_src":{"full":false,"thumbnail":false,"medium":false,"medium_large":false,"large":false,"Series Engine Graphic":false,"Series Engine Graphic Thumb":false,"Series Engine Widget Thumb":false,"Series Engine Podcast Graphic":false,"1536x1536":false,"2048x2048":false,"trp-custom-language-flag":false,"ocean-thumb-m":false,"ocean-thumb-ml":false,"ocean-thumb-l":false,"audioigniter_cover":false},"uagb_author_info":{"display_name":"\u0418\u0433\u043e\u0440\u044c \u0421\u0432\u0438\u0434\u0435\u0440\u0441\u043a\u0438\u0439","author_link":"https:\/\/etshaim.de\/de\/author\/igors\/"},"uagb_comment_info":0,"uagb_excerpt":"Angaben gem\u00e4\u00df \u00a7 5 TMG: Beit Sar Shalom Evangeliumsdienst e.V. Gardesch\u00fctzenweg 96A 12203 Berlin Vertreten Durch\u200b\u200b: Igor Swiderski Kontakt: Telefon: +49 89 \/ 44 38 34 21&nbsp;&nbsp; E-Mail:&nbsp;office@etshaim.de&nbsp; www.beitsarshalom.org Registereintrag:\u200b Eintragung im Vereinsregister. Registergericht: Berlin-Charlottenburg Registernummer: VR 16856 Wir sind wegen der F\u00f6rderung religi\u00f6ser Zwecke nach dem letzten uns zugegangenen Freistellungsbescheid des&nbsp;Finanzamtes Berlin, Steuernummer 27\/656\/53752,&hellip;","coauthors":[],"author_meta":{"author_link":"https:\/\/etshaim.de\/de\/author\/igors\/","display_name":"\u0418\u0433\u043e\u0440\u044c \u0421\u0432\u0438\u0434\u0435\u0440\u0441\u043a\u0438\u0439"},"relative_dates":{"created":"Ver\u00f6ffentlicht 5\u00a0Jahren vor","modified":"Aktualisiert 4\u00a0Jahren vor"},"absolute_dates":{"created":"Ver\u00f6ffentlicht am 13.07.2021","modified":"Aktualisiert am 16.05.2022"},"absolute_dates_time":{"created":"Ver\u00f6ffentlicht am 13.07.2021 16:44","modified":"Aktualisiert am 16.05.2022 12:05"},"featured_img_caption":"","featured_img":false,"series_order":"","_links":{"self":[{"href":"https:\/\/etshaim.de\/de\/wp-json\/wp\/v2\/pages\/2123","targetHints":{"allow":["GET"]}}],"collection":[{"href":"https:\/\/etshaim.de\/de\/wp-json\/wp\/v2\/pages"}],"about":[{"href":"https:\/\/etshaim.de\/de\/wp-json\/wp\/v2\/types\/page"}],"author":[{"embeddable":true,"href":"https:\/\/etshaim.de\/de\/wp-json\/wp\/v2\/users\/1"}],"replies":[{"embeddable":true,"href":"https:\/\/etshaim.de\/de\/wp-json\/wp\/v2\/comments?post=2123"}],"version-history":[{"count":0,"href":"https:\/\/etshaim.de\/de\/wp-json\/wp\/v2\/pages\/2123\/revisions"}],"wp:attachment":[{"href":"https:\/\/etshaim.de\/de\/wp-json\/wp\/v2\/media?parent=2123"}],"curies":[{"name":"wp","href":"https:\/\/api.w.org\/{rel}","templated":true}]}}