{"id":2477,"date":"2022-05-16T14:05:31","date_gmt":"2022-05-16T13:05:31","guid":{"rendered":"https:\/\/etshaim.de\/?page_id=2477"},"modified":"2022-05-18T10:19:05","modified_gmt":"2022-05-18T09:19:05","slug":"about-us","status":"publish","type":"page","link":"https:\/\/etshaim.de\/de\/about-us\/","title":{"rendered":"\u00dcber uns"},"content":{"rendered":"<div class=\"wp-block-kadence-rowlayout alignnone\"><div id=\"kt-layout-id_7e97d5-3b\" class=\"kt-row-layout-inner kt-row-has-bg kt-layout-id_7e97d5-3b kt-jarallax\"><div class=\"kt-row-column-wrap kt-has-1-columns kt-gutter-default kt-v-gutter-default kt-row-valign-top kt-row-layout-equal kt-tab-layout-inherit kt-m-colapse-left-to-right kt-mobile-layout-row\">\n<div class=\"wp-block-kadence-column inner-column-1 kadence-column_2cc914-00\"><div class=\"kt-inside-inner-col\">\n<h1 class=\"has-text-align-center has-x-large-font-size wp-block-heading\"><strong><span style=\"color:#ffffff\" class=\"tadv-color\">\u00dcber uns<\/span><\/strong><\/h1>\n<\/div><\/div>\n<\/div><\/div><\/div>\n\n\n\n<div style=\"height:50px\" aria-hidden=\"true\" class=\"wp-block-spacer\"><\/div>\n\n\n\n<h1 class=\"wp-block-heading\"><strong>J\u00fcdische Messianische Gemeinde Etz-Haim (Baum des Lebens)<\/strong><\/h1>\n\n\n\n<p>Wir sind die j\u00fcdische Gemeinde in M\u00fcnchen, die der Lehre des Messias von Israel folgt, <a href=\"https:\/\/etshaim.de\/de\/yeshua\/\" class=\"ek-link\">Joshua<\/a>, und will ihn mit seinem eigenen j\u00fcdischen Volk bekannt machen. <\/p>\n\n\n\n<p>Wie k\u00f6nnen wir den Wert der j\u00fcdischen Identit\u00e4t an unsere Kinder weitergeben? Was bedeutet es, in Deutschland j\u00fcdisch zu sein? Was lehrt uns die j\u00fcdische Geschichte? Das sind wesentliche Fragen f\u00fcr uns! J\u00fcdisches Erbe und j\u00fcdische Kultur sind ein Reichtum f\u00fcr uns, Schabbat ist ein besonderes Juwel, j\u00fcdische Feiertage sind eine Freude!<\/p>\n\n\n\n<p>Aber das Wichtigste f\u00fcr uns, unser Markenzeichen und die Quelle unserer Freude auch in schwierigen Momenten, ist unser Lebensbaum, und sein Name ist... <a href=\"https:\/\/etshaim.de\/de\/yeshua\/\" class=\"ek-link\">Joshua<\/a>.<\/p>\n\n\n\n<p>Jeschua war ein rechtschaffener Jude, der vor 2.000 Jahren in Israel lebte. Er strotzte vor Weisheit und Kraft, Gerechtigkeit und Barmherzigkeit. Er brachte den Armen Hoffnung und Erleichterung und scheute sich nicht vor den Bed\u00fcrftigen. Er liebte die Wahrheit und scheute sich nicht, die Dinge bei ihrem richtigen Namen zu nennen. <\/p>\n\n\n\n<p>Wie vorauszusehen war, liebten ihn viele, und viele hassten ihn. Eines konnten nur die hebr\u00e4ischen Propheten vorhersehen: Jeschua war der verhei\u00dfene Messias Israels, der Retter der Welt!<\/p>\n\n\n\n<p>Sein schrecklicher und sch\u00e4ndlicher Tod erwies sich als eine Quelle des Lebens. Obwohl sich alle seine Freunde zerstreuten und seine Feinde triumphierten, lagen sie alle falsch. Es stellte sich heraus, dass er kein anderer war als der Sohn Davids, der K\u00f6nig von Israel.<\/p>\n\n\n\n<p>Jeschua gab sein Leben und bezahlte f\u00fcr die S\u00fcnden seines Volkes und aller, die ihm glauben wollten. Seine Wiederbelebung ist die Best\u00e4tigung, dass Gott sein Opfer angenommen hat. Jeschua lebt also! Wenden Sie sich an ihn, bitten Sie ihn um Vergebung f\u00fcr Ihre \u00dcbertretungen! Denn er ist in der Lage, neues Leben, Leben in F\u00fclle und sogar ewiges Leben zu schenken!<\/p>\n\n\n\n<p>Wir freuen uns darauf, Sie kennen zu lernen und Sie mit Ihm bekannt zu machen!<\/p>\n\n\n\n<style class=\"advgb-styles-renderer\">#kt-layout-id_7e97d5-3b > .kt-row-column-wrap{align-content:start;}:where(#kt-layout-id_7e97d5-3b > .kt-row-column-wrap) > .wp-block-kadence-column{justify-content:start;}#kt-layout-id_7e97d5-3b > .kt-row-column-wrap{column-gap:var(--global-kb-gap-md, 2rem);row-gap:var(--global-kb-gap-md, 2rem);padding-top:var( --global-kb-row-default-top, 25px );padding-bottom:var( --global-kb-row-default-bottom, 25px );padding-top:150px;padding-bottom:150px;grid-template-columns:minmax(0, 1fr);}#kt-layout-id_7e97d5-3b{background-image:url('https:\/\/etshaim.de\/wp-content\/uploads\/2018\/12\/22251376_10212330754576367_1971348073_o-e1544564247980.jpg');background-size:cover;background-position:38% 37%;background-attachment:fixed;background-repeat:no-repeat;}#kt-layout-id_7e97d5-3b > .kt-row-layout-overlay{opacity:0.30;}@media all and (max-width: 1024px), only screen and (min-device-width: 1024px) and (max-device-width: 1366px) and (-webkit-min-device-pixel-ratio: 2) and (hover: none){#kt-layout-id_7e97d5-3b{background-attachment:scroll;}}@media all and (max-width: 1024px){#kt-layout-id_7e97d5-3b > .kt-row-column-wrap{grid-template-columns:minmax(0, 1fr);}}@media all and (max-width: 767px){#kt-layout-id_7e97d5-3b > .kt-row-column-wrap{grid-template-columns:minmax(0, 1fr);}}.kadence-column_2cc914-00 > .kt-inside-inner-col{border-top-width:0px;border-right-width:0px;border-bottom-width:0px;border-left-width:0px;}.kadence-column_2cc914-00 > .kt-inside-inner-col,.kadence-column_2cc914-00 > .kt-inside-inner-col:before{border-top-left-radius:0px;border-top-right-radius:0px;border-bottom-right-radius:0px;border-bottom-left-radius:0px;}.kadence-column_2cc914-00 > .kt-inside-inner-col{column-gap:var(--global-kb-gap-sm, 1rem);}.kadence-column_2cc914-00 > .kt-inside-inner-col{flex-direction:column;}.kadence-column_2cc914-00 > .kt-inside-inner-col > .aligncenter{width:100%;}.kadence-column_2cc914-00 > .kt-inside-inner-col:before{opacity:0.3;}.kadence-column_2cc914-00{position:relative;}@media all and (max-width: 1024px){.kadence-column_2cc914-00 > .kt-inside-inner-col{flex-direction:column;justify-content:center;}}@media all and (max-width: 767px){.kadence-column_2cc914-00 > .kt-inside-inner-col{flex-direction:column;justify-content:center;}}<\/style>","protected":false},"excerpt":{"rendered":"<p>\u041e \u043d\u0430\u0441 \u0415\u0432\u0440\u0435\u0439\u0441\u043a\u0430\u044f \u043c\u0435\u0441\u0441\u0438\u0430\u043d\u0441\u043a\u0430\u044f \u043e\u0431\u0449\u0438\u043d\u0430 \u042d\u0446-\u0425\u0430\u0438\u043c (&#171;\u0414\u0435\u0440\u0435\u0432\u043e \u0436\u0438\u0437\u043d\u0438&#187;) M\u044b \u2013 \u0435\u0432\u0440\u0435\u0439\u0441\u043a\u0430\u044f \u043e\u0431\u0449\u0438\u043d\u0430 \u041c\u044e\u043d\u0445\u0435\u043d\u0430, \u043a\u043e\u0442\u043e\u0440\u0430\u044f \u0441\u043b\u0435\u0434\u0443\u0435\u0442 \u0443\u0447\u0435\u043d\u0438\u044e \u041c\u0435\u0441\u0441\u0438\u0438 \u0418\u0437\u0440\u0430\u0438\u043b\u044f, \u0418\u0435\u0448\u0443\u0430, \u0438 \u0436\u0435\u043b\u0430\u0435\u0442 \u043f\u043e\u0437\u043d\u0430\u043a\u043e\u043c\u0438\u0442\u044c \u0441 \u043d\u0438\u043c \u0415\u0433\u043e \u0436\u0435 \u0435\u0432\u0440\u0435\u0439\u0441\u043a\u0438\u0439 \u043d\u0430\u0440\u043e\u0434. \u041a\u0430\u043a \u043f\u0435\u0440\u0435\u0434\u0430\u0442\u044c \u0446\u0435\u043d\u043d\u043e\u0441\u0442\u044c \u0435\u0432\u0440\u0435\u0439\u0441\u043a\u043e\u0439 \u0438\u0434\u0435\u043d\u0442\u0438\u0447\u043d\u043e\u0441\u0442\u0438 \u043d\u0430\u0448\u0438\u043c \u0434\u0435\u0442\u044f\u043c? \u0427\u0442\u043e \u0437\u043d\u0430\u0447\u0438\u0442 \u0431\u044b\u0442\u044c \u0435\u0432\u0440\u0435\u0435\u043c \u0432 \u0413\u0435\u0440\u043c\u0430\u043d\u0438\u0438? \u0427\u0435\u043c\u0443 \u043d\u0430\u0441 \u0443\u0447\u0438\u0442 \u0435\u0432\u0440\u0435\u0439\u0441\u043a\u0430\u044f \u0438\u0441\u0442\u043e\u0440\u0438\u044f? \u0414\u043b\u044f \u043d\u0430\u0441 \u044d\u0442\u043e \u0441\u0443\u0449\u0435\u0441\u0442\u0432\u0435\u043d\u043d\u044b\u0435 \u0432\u043e\u043f\u0440\u043e\u0441\u044b! \u0415\u0432\u0440\u0435\u0439\u0441\u043a\u043e\u0435 \u043d\u0430\u0441\u043b\u0435\u0434\u0438\u0435 \u0438 \u043a\u0443\u043b\u044c\u0442\u0443\u0440\u0430 [&hellip;]<\/p>\n","protected":false},"author":1,"featured_media":0,"parent":0,"menu_order":0,"comment_status":"closed","ping_status":"closed","template":"","meta":{"_editorskit_title_hidden":false,"_editorskit_reading_time":1,"_editorskit_is_block_options_detached":false,"_editorskit_block_options_position":"{}","inline_featured_image":false,"_uag_custom_page_level_css":"","advgb_blocks_editor_width":"","advgb_blocks_columns_visual_guide":"","_exactmetrics_skip_tracking":false,"_exactmetrics_sitenote_active":false,"_exactmetrics_sitenote_note":"","_exactmetrics_sitenote_category":0,"ocean_post_layout":"","ocean_both_sidebars_style":"","ocean_both_sidebars_content_width":0,"ocean_both_sidebars_sidebars_width":0,"ocean_sidebar":"0","ocean_second_sidebar":"0","ocean_disable_margins":"enable","ocean_add_body_class":"","ocean_shortcode_before_top_bar":"","ocean_shortcode_after_top_bar":"","ocean_shortcode_before_header":"","ocean_shortcode_after_header":"","ocean_has_shortcode":"","ocean_shortcode_after_title":"","ocean_shortcode_before_footer_widgets":"","ocean_shortcode_after_footer_widgets":"","ocean_shortcode_before_footer_bottom":"","ocean_shortcode_after_footer_bottom":"","ocean_display_top_bar":"default","ocean_display_header":"off","ocean_header_style":"","ocean_center_header_left_menu":"0","ocean_custom_header_template":"0","ocean_custom_logo":0,"ocean_custom_retina_logo":0,"ocean_custom_logo_max_width":0,"ocean_custom_logo_tablet_max_width":0,"ocean_custom_logo_mobile_max_width":0,"ocean_custom_logo_max_height":0,"ocean_custom_logo_tablet_max_height":0,"ocean_custom_logo_mobile_max_height":0,"ocean_header_custom_menu":"0","ocean_menu_typo_font_family":"0","ocean_menu_typo_font_subset":"","ocean_menu_typo_font_size":0,"ocean_menu_typo_font_size_tablet":0,"ocean_menu_typo_font_size_mobile":0,"ocean_menu_typo_font_size_unit":"px","ocean_menu_typo_font_weight":"","ocean_menu_typo_font_weight_tablet":"","ocean_menu_typo_font_weight_mobile":"","ocean_menu_typo_transform":"","ocean_menu_typo_transform_tablet":"","ocean_menu_typo_transform_mobile":"","ocean_menu_typo_line_height":0,"ocean_menu_typo_line_height_tablet":0,"ocean_menu_typo_line_height_mobile":0,"ocean_menu_typo_line_height_unit":"","ocean_menu_typo_spacing":0,"ocean_menu_typo_spacing_tablet":0,"ocean_menu_typo_spacing_mobile":0,"ocean_menu_typo_spacing_unit":"","ocean_menu_link_color":"","ocean_menu_link_color_hover":"","ocean_menu_link_color_active":"","ocean_menu_link_background":"","ocean_menu_link_hover_background":"","ocean_menu_link_active_background":"","ocean_menu_social_links_bg":"","ocean_menu_social_hover_links_bg":"","ocean_menu_social_links_color":"","ocean_menu_social_hover_links_color":"","ocean_disable_title":"on","ocean_disable_heading":"default","ocean_post_title":"","ocean_post_subheading":"","ocean_post_title_style":"","ocean_post_title_background_color":"","ocean_post_title_background":0,"ocean_post_title_bg_image_position":"","ocean_post_title_bg_image_attachment":"","ocean_post_title_bg_image_repeat":"","ocean_post_title_bg_image_size":"","ocean_post_title_height":0,"ocean_post_title_bg_overlay":0.5,"ocean_post_title_bg_overlay_color":"","ocean_disable_breadcrumbs":"default","ocean_breadcrumbs_color":"","ocean_breadcrumbs_separator_color":"","ocean_breadcrumbs_links_color":"","ocean_breadcrumbs_links_hover_color":"","ocean_display_footer_widgets":"default","ocean_display_footer_bottom":"default","ocean_custom_footer_template":"0","_themeisle_gutenberg_block_has_review":false,"footnotes":""},"class_list":["post-2477","page","type-page","status-publish","hentry","entry"],"yoast_head":"<!-- This site is optimized with the Yoast SEO plugin v27.5 - https:\/\/yoast.com\/product\/yoast-seo-wordpress\/ -->\n<title>\u041e \u043d\u0430\u0441 - \u042d\u0446-\u0425\u0430\u0438\u043c<\/title>\n<meta name=\"robots\" content=\"index, follow, max-snippet:-1, max-image-preview:large, max-video-preview:-1\" \/>\n<link rel=\"canonical\" href=\"https:\/\/etshaim.de\/de\/about-us\/\" \/>\n<meta property=\"og:locale\" content=\"de_DE\" \/>\n<meta property=\"og:type\" content=\"article\" \/>\n<meta property=\"og:title\" content=\"\u041e \u043d\u0430\u0441 - \u042d\u0446-\u0425\u0430\u0438\u043c\" \/>\n<meta property=\"og:description\" content=\"\u041e \u043d\u0430\u0441 \u0415\u0432\u0440\u0435\u0439\u0441\u043a\u0430\u044f \u043c\u0435\u0441\u0441\u0438\u0430\u043d\u0441\u043a\u0430\u044f \u043e\u0431\u0449\u0438\u043d\u0430 \u042d\u0446-\u0425\u0430\u0438\u043c (&#171;\u0414\u0435\u0440\u0435\u0432\u043e \u0436\u0438\u0437\u043d\u0438&#187;) M\u044b \u2013 \u0435\u0432\u0440\u0435\u0439\u0441\u043a\u0430\u044f \u043e\u0431\u0449\u0438\u043d\u0430 \u041c\u044e\u043d\u0445\u0435\u043d\u0430, \u043a\u043e\u0442\u043e\u0440\u0430\u044f \u0441\u043b\u0435\u0434\u0443\u0435\u0442 \u0443\u0447\u0435\u043d\u0438\u044e \u041c\u0435\u0441\u0441\u0438\u0438 \u0418\u0437\u0440\u0430\u0438\u043b\u044f, \u0418\u0435\u0448\u0443\u0430, \u0438 \u0436\u0435\u043b\u0430\u0435\u0442 \u043f\u043e\u0437\u043d\u0430\u043a\u043e\u043c\u0438\u0442\u044c \u0441 \u043d\u0438\u043c \u0415\u0433\u043e \u0436\u0435 \u0435\u0432\u0440\u0435\u0439\u0441\u043a\u0438\u0439 \u043d\u0430\u0440\u043e\u0434. \u041a\u0430\u043a \u043f\u0435\u0440\u0435\u0434\u0430\u0442\u044c \u0446\u0435\u043d\u043d\u043e\u0441\u0442\u044c \u0435\u0432\u0440\u0435\u0439\u0441\u043a\u043e\u0439 \u0438\u0434\u0435\u043d\u0442\u0438\u0447\u043d\u043e\u0441\u0442\u0438 \u043d\u0430\u0448\u0438\u043c \u0434\u0435\u0442\u044f\u043c? \u0427\u0442\u043e \u0437\u043d\u0430\u0447\u0438\u0442 \u0431\u044b\u0442\u044c \u0435\u0432\u0440\u0435\u0435\u043c \u0432 \u0413\u0435\u0440\u043c\u0430\u043d\u0438\u0438? \u0427\u0435\u043c\u0443 \u043d\u0430\u0441 \u0443\u0447\u0438\u0442 \u0435\u0432\u0440\u0435\u0439\u0441\u043a\u0430\u044f \u0438\u0441\u0442\u043e\u0440\u0438\u044f? \u0414\u043b\u044f \u043d\u0430\u0441 \u044d\u0442\u043e \u0441\u0443\u0449\u0435\u0441\u0442\u0432\u0435\u043d\u043d\u044b\u0435 \u0432\u043e\u043f\u0440\u043e\u0441\u044b! \u0415\u0432\u0440\u0435\u0439\u0441\u043a\u043e\u0435 \u043d\u0430\u0441\u043b\u0435\u0434\u0438\u0435 \u0438 \u043a\u0443\u043b\u044c\u0442\u0443\u0440\u0430 [&hellip;]\" \/>\n<meta property=\"og:url\" content=\"https:\/\/etshaim.de\/de\/about-us\/\" \/>\n<meta property=\"og:site_name\" content=\"\u042d\u0446-\u0425\u0430\u0438\u043c\" \/>\n<meta property=\"article:publisher\" content=\"https:\/\/www.facebook.com\/etshaim.m\/\" \/>\n<meta property=\"article:modified_time\" content=\"2022-05-18T09:19:05+00:00\" \/>\n<meta property=\"og:image\" content=\"https:\/\/etshaim.de\/wp-content\/uploads\/2018\/12\/Ez_haiim-LOGO-no-Bckgrnd-1.png\" \/>\n\t<meta property=\"og:image:width\" content=\"2069\" \/>\n\t<meta property=\"og:image:height\" content=\"1551\" \/>\n\t<meta property=\"og:image:type\" content=\"image\/png\" \/>\n<meta name=\"twitter:card\" content=\"summary_large_image\" \/>\n<meta name=\"twitter:label1\" content=\"Gesch\u00e4tzte Lesezeit\" \/>\n\t<meta name=\"twitter:data1\" content=\"2\u00a0Minuten\" \/>\n<script type=\"application\/ld+json\" class=\"yoast-schema-graph\">{\"@context\":\"https:\\\/\\\/schema.org\",\"@graph\":[{\"@type\":\"WebPage\",\"@id\":\"https:\\\/\\\/etshaim.de\\\/about-us\\\/\",\"url\":\"https:\\\/\\\/etshaim.de\\\/about-us\\\/\",\"name\":\"\u041e \u043d\u0430\u0441 - \u042d\u0446-\u0425\u0430\u0438\u043c\",\"isPartOf\":{\"@id\":\"https:\\\/\\\/etshaim.de\\\/#website\"},\"datePublished\":\"2022-05-16T13:05:31+00:00\",\"dateModified\":\"2022-05-18T09:19:05+00:00\",\"breadcrumb\":{\"@id\":\"https:\\\/\\\/etshaim.de\\\/about-us\\\/#breadcrumb\"},\"inLanguage\":\"de\",\"potentialAction\":[{\"@type\":\"ReadAction\",\"target\":[\"https:\\\/\\\/etshaim.de\\\/about-us\\\/\"]}]},{\"@type\":\"BreadcrumbList\",\"@id\":\"https:\\\/\\\/etshaim.de\\\/about-us\\\/#breadcrumb\",\"itemListElement\":[{\"@type\":\"ListItem\",\"position\":1,\"name\":\"\u0413\u043b\u0430\u0432\u043d\u0430\u044f \u0441\u0442\u0440\u0430\u043d\u0438\u0446\u0430\",\"item\":\"https:\\\/\\\/etshaim.de\\\/\"},{\"@type\":\"ListItem\",\"position\":2,\"name\":\"\u041e \u043d\u0430\u0441\"}]},{\"@type\":\"WebSite\",\"@id\":\"https:\\\/\\\/etshaim.de\\\/#website\",\"url\":\"https:\\\/\\\/etshaim.de\\\/\",\"name\":\"\u042d\u0446-\u0425\u0430\u0438\u043c\",\"description\":\"\",\"publisher\":{\"@id\":\"https:\\\/\\\/etshaim.de\\\/#organization\"},\"potentialAction\":[{\"@type\":\"SearchAction\",\"target\":{\"@type\":\"EntryPoint\",\"urlTemplate\":\"https:\\\/\\\/etshaim.de\\\/?s={search_term_string}\"},\"query-input\":{\"@type\":\"PropertyValueSpecification\",\"valueRequired\":true,\"valueName\":\"search_term_string\"}}],\"inLanguage\":\"de\"},{\"@type\":\"Organization\",\"@id\":\"https:\\\/\\\/etshaim.de\\\/#organization\",\"name\":\"\u0415\u0432\u0440\u0435\u0439\u0441\u043a\u0430\u044f \u043c\u0435\u0441\u0441\u0438\u0430\u043d\u0441\u043a\u0430\u044f \u043e\u0431\u0449\u0438\u043d\u0430 \u042d\u0446-\u0425\u0430\u0438\u043c\",\"url\":\"https:\\\/\\\/etshaim.de\\\/\",\"logo\":{\"@type\":\"ImageObject\",\"inLanguage\":\"de\",\"@id\":\"https:\\\/\\\/etshaim.de\\\/#\\\/schema\\\/logo\\\/image\\\/\",\"url\":\"https:\\\/\\\/etshaim.de\\\/wp-content\\\/uploads\\\/2018\\\/12\\\/Ez_haiim-LOGO-no-Bckgrnd-1.png\",\"contentUrl\":\"https:\\\/\\\/etshaim.de\\\/wp-content\\\/uploads\\\/2018\\\/12\\\/Ez_haiim-LOGO-no-Bckgrnd-1.png\",\"width\":2069,\"height\":1551,\"caption\":\"\u0415\u0432\u0440\u0435\u0439\u0441\u043a\u0430\u044f \u043c\u0435\u0441\u0441\u0438\u0430\u043d\u0441\u043a\u0430\u044f \u043e\u0431\u0449\u0438\u043d\u0430 \u042d\u0446-\u0425\u0430\u0438\u043c\"},\"image\":{\"@id\":\"https:\\\/\\\/etshaim.de\\\/#\\\/schema\\\/logo\\\/image\\\/\"},\"sameAs\":[\"https:\\\/\\\/www.facebook.com\\\/etshaim.m\\\/\",\"https:\\\/\\\/www.youtube.com\\\/channel\\\/UCtvQWmRQ9VnET_0b8eJ7trw?view_as=subscriber\"]}]}<\/script>\n<!-- \/ Yoast SEO plugin. -->","yoast_head_json":{"title":"\u041e \u043d\u0430\u0441 - \u042d\u0446-\u0425\u0430\u0438\u043c","robots":{"index":"index","follow":"follow","max-snippet":"max-snippet:-1","max-image-preview":"max-image-preview:large","max-video-preview":"max-video-preview:-1"},"canonical":"https:\/\/etshaim.de\/de\/about-us\/","og_locale":"de_DE","og_type":"article","og_title":"\u041e \u043d\u0430\u0441 - \u042d\u0446-\u0425\u0430\u0438\u043c","og_description":"\u041e \u043d\u0430\u0441 \u0415\u0432\u0440\u0435\u0439\u0441\u043a\u0430\u044f \u043c\u0435\u0441\u0441\u0438\u0430\u043d\u0441\u043a\u0430\u044f \u043e\u0431\u0449\u0438\u043d\u0430 \u042d\u0446-\u0425\u0430\u0438\u043c (&#171;\u0414\u0435\u0440\u0435\u0432\u043e \u0436\u0438\u0437\u043d\u0438&#187;) M\u044b \u2013 \u0435\u0432\u0440\u0435\u0439\u0441\u043a\u0430\u044f \u043e\u0431\u0449\u0438\u043d\u0430 \u041c\u044e\u043d\u0445\u0435\u043d\u0430, \u043a\u043e\u0442\u043e\u0440\u0430\u044f \u0441\u043b\u0435\u0434\u0443\u0435\u0442 \u0443\u0447\u0435\u043d\u0438\u044e \u041c\u0435\u0441\u0441\u0438\u0438 \u0418\u0437\u0440\u0430\u0438\u043b\u044f, \u0418\u0435\u0448\u0443\u0430, \u0438 \u0436\u0435\u043b\u0430\u0435\u0442 \u043f\u043e\u0437\u043d\u0430\u043a\u043e\u043c\u0438\u0442\u044c \u0441 \u043d\u0438\u043c \u0415\u0433\u043e \u0436\u0435 \u0435\u0432\u0440\u0435\u0439\u0441\u043a\u0438\u0439 \u043d\u0430\u0440\u043e\u0434. \u041a\u0430\u043a \u043f\u0435\u0440\u0435\u0434\u0430\u0442\u044c \u0446\u0435\u043d\u043d\u043e\u0441\u0442\u044c \u0435\u0432\u0440\u0435\u0439\u0441\u043a\u043e\u0439 \u0438\u0434\u0435\u043d\u0442\u0438\u0447\u043d\u043e\u0441\u0442\u0438 \u043d\u0430\u0448\u0438\u043c \u0434\u0435\u0442\u044f\u043c? \u0427\u0442\u043e \u0437\u043d\u0430\u0447\u0438\u0442 \u0431\u044b\u0442\u044c \u0435\u0432\u0440\u0435\u0435\u043c \u0432 \u0413\u0435\u0440\u043c\u0430\u043d\u0438\u0438? \u0427\u0435\u043c\u0443 \u043d\u0430\u0441 \u0443\u0447\u0438\u0442 \u0435\u0432\u0440\u0435\u0439\u0441\u043a\u0430\u044f \u0438\u0441\u0442\u043e\u0440\u0438\u044f? \u0414\u043b\u044f \u043d\u0430\u0441 \u044d\u0442\u043e \u0441\u0443\u0449\u0435\u0441\u0442\u0432\u0435\u043d\u043d\u044b\u0435 \u0432\u043e\u043f\u0440\u043e\u0441\u044b! \u0415\u0432\u0440\u0435\u0439\u0441\u043a\u043e\u0435 \u043d\u0430\u0441\u043b\u0435\u0434\u0438\u0435 \u0438 \u043a\u0443\u043b\u044c\u0442\u0443\u0440\u0430 [&hellip;]","og_url":"https:\/\/etshaim.de\/de\/about-us\/","og_site_name":"\u042d\u0446-\u0425\u0430\u0438\u043c","article_publisher":"https:\/\/www.facebook.com\/etshaim.m\/","article_modified_time":"2022-05-18T09:19:05+00:00","og_image":[{"width":2069,"height":1551,"url":"https:\/\/etshaim.de\/wp-content\/uploads\/2018\/12\/Ez_haiim-LOGO-no-Bckgrnd-1.png","type":"image\/png"}],"twitter_card":"summary_large_image","twitter_misc":{"Gesch\u00e4tzte Lesezeit":"2\u00a0Minuten"},"schema":{"@context":"https:\/\/schema.org","@graph":[{"@type":"WebPage","@id":"https:\/\/etshaim.de\/about-us\/","url":"https:\/\/etshaim.de\/about-us\/","name":"\u041e \u043d\u0430\u0441 - \u042d\u0446-\u0425\u0430\u0438\u043c","isPartOf":{"@id":"https:\/\/etshaim.de\/#website"},"datePublished":"2022-05-16T13:05:31+00:00","dateModified":"2022-05-18T09:19:05+00:00","breadcrumb":{"@id":"https:\/\/etshaim.de\/about-us\/#breadcrumb"},"inLanguage":"de","potentialAction":[{"@type":"ReadAction","target":["https:\/\/etshaim.de\/about-us\/"]}]},{"@type":"BreadcrumbList","@id":"https:\/\/etshaim.de\/about-us\/#breadcrumb","itemListElement":[{"@type":"ListItem","position":1,"name":"\u0413\u043b\u0430\u0432\u043d\u0430\u044f \u0441\u0442\u0440\u0430\u043d\u0438\u0446\u0430","item":"https:\/\/etshaim.de\/"},{"@type":"ListItem","position":2,"name":"\u041e \u043d\u0430\u0441"}]},{"@type":"WebSite","@id":"https:\/\/etshaim.de\/#website","url":"https:\/\/etshaim.de\/","name":"Ez-Chaim","description":"","publisher":{"@id":"https:\/\/etshaim.de\/#organization"},"potentialAction":[{"@type":"SearchAction","target":{"@type":"EntryPoint","urlTemplate":"https:\/\/etshaim.de\/?s={search_term_string}"},"query-input":{"@type":"PropertyValueSpecification","valueRequired":true,"valueName":"search_term_string"}}],"inLanguage":"de"},{"@type":"Organization","@id":"https:\/\/etshaim.de\/#organization","name":"\u0415\u0432\u0440\u0435\u0439\u0441\u043a\u0430\u044f \u043c\u0435\u0441\u0441\u0438\u0430\u043d\u0441\u043a\u0430\u044f \u043e\u0431\u0449\u0438\u043d\u0430 \u042d\u0446-\u0425\u0430\u0438\u043c","url":"https:\/\/etshaim.de\/","logo":{"@type":"ImageObject","inLanguage":"de","@id":"https:\/\/etshaim.de\/#\/schema\/logo\/image\/","url":"https:\/\/etshaim.de\/wp-content\/uploads\/2018\/12\/Ez_haiim-LOGO-no-Bckgrnd-1.png","contentUrl":"https:\/\/etshaim.de\/wp-content\/uploads\/2018\/12\/Ez_haiim-LOGO-no-Bckgrnd-1.png","width":2069,"height":1551,"caption":"\u0415\u0432\u0440\u0435\u0439\u0441\u043a\u0430\u044f \u043c\u0435\u0441\u0441\u0438\u0430\u043d\u0441\u043a\u0430\u044f \u043e\u0431\u0449\u0438\u043d\u0430 \u042d\u0446-\u0425\u0430\u0438\u043c"},"image":{"@id":"https:\/\/etshaim.de\/#\/schema\/logo\/image\/"},"sameAs":["https:\/\/www.facebook.com\/etshaim.m\/","https:\/\/www.youtube.com\/channel\/UCtvQWmRQ9VnET_0b8eJ7trw?view_as=subscriber"]}]}},"uagb_featured_image_src":{"full":false,"thumbnail":false,"medium":false,"medium_large":false,"large":false,"Series Engine Graphic":false,"Series Engine Graphic Thumb":false,"Series Engine Widget Thumb":false,"Series Engine Podcast Graphic":false,"1536x1536":false,"2048x2048":false,"trp-custom-language-flag":false,"ocean-thumb-m":false,"ocean-thumb-ml":false,"ocean-thumb-l":false,"audioigniter_cover":false},"uagb_author_info":{"display_name":"\u0418\u0433\u043e\u0440\u044c \u0421\u0432\u0438\u0434\u0435\u0440\u0441\u043a\u0438\u0439","author_link":"https:\/\/etshaim.de\/de\/author\/igors\/"},"uagb_comment_info":0,"uagb_excerpt":"\u041e \u043d\u0430\u0441 \u0415\u0432\u0440\u0435\u0439\u0441\u043a\u0430\u044f \u043c\u0435\u0441\u0441\u0438\u0430\u043d\u0441\u043a\u0430\u044f \u043e\u0431\u0449\u0438\u043d\u0430 \u042d\u0446-\u0425\u0430\u0438\u043c (&#171;\u0414\u0435\u0440\u0435\u0432\u043e \u0436\u0438\u0437\u043d\u0438&#187;) M\u044b \u2013 \u0435\u0432\u0440\u0435\u0439\u0441\u043a\u0430\u044f \u043e\u0431\u0449\u0438\u043d\u0430 \u041c\u044e\u043d\u0445\u0435\u043d\u0430, \u043a\u043e\u0442\u043e\u0440\u0430\u044f \u0441\u043b\u0435\u0434\u0443\u0435\u0442 \u0443\u0447\u0435\u043d\u0438\u044e \u041c\u0435\u0441\u0441\u0438\u0438 \u0418\u0437\u0440\u0430\u0438\u043b\u044f, \u0418\u0435\u0448\u0443\u0430, \u0438 \u0436\u0435\u043b\u0430\u0435\u0442 \u043f\u043e\u0437\u043d\u0430\u043a\u043e\u043c\u0438\u0442\u044c \u0441 \u043d\u0438\u043c \u0415\u0433\u043e \u0436\u0435 \u0435\u0432\u0440\u0435\u0439\u0441\u043a\u0438\u0439 \u043d\u0430\u0440\u043e\u0434. \u041a\u0430\u043a \u043f\u0435\u0440\u0435\u0434\u0430\u0442\u044c \u0446\u0435\u043d\u043d\u043e\u0441\u0442\u044c \u0435\u0432\u0440\u0435\u0439\u0441\u043a\u043e\u0439 \u0438\u0434\u0435\u043d\u0442\u0438\u0447\u043d\u043e\u0441\u0442\u0438 \u043d\u0430\u0448\u0438\u043c \u0434\u0435\u0442\u044f\u043c? \u0427\u0442\u043e \u0437\u043d\u0430\u0447\u0438\u0442 \u0431\u044b\u0442\u044c \u0435\u0432\u0440\u0435\u0435\u043c \u0432 \u0413\u0435\u0440\u043c\u0430\u043d\u0438\u0438? \u0427\u0435\u043c\u0443 \u043d\u0430\u0441 \u0443\u0447\u0438\u0442 \u0435\u0432\u0440\u0435\u0439\u0441\u043a\u0430\u044f \u0438\u0441\u0442\u043e\u0440\u0438\u044f? \u0414\u043b\u044f \u043d\u0430\u0441 \u044d\u0442\u043e \u0441\u0443\u0449\u0435\u0441\u0442\u0432\u0435\u043d\u043d\u044b\u0435 \u0432\u043e\u043f\u0440\u043e\u0441\u044b! \u0415\u0432\u0440\u0435\u0439\u0441\u043a\u043e\u0435 \u043d\u0430\u0441\u043b\u0435\u0434\u0438\u0435 \u0438 \u043a\u0443\u043b\u044c\u0442\u0443\u0440\u0430&hellip;","coauthors":[],"author_meta":{"author_link":"https:\/\/etshaim.de\/de\/author\/igors\/","display_name":"\u0418\u0433\u043e\u0440\u044c \u0421\u0432\u0438\u0434\u0435\u0440\u0441\u043a\u0438\u0439"},"relative_dates":{"created":"Ver\u00f6ffentlicht 4\u00a0Jahren vor","modified":"Aktualisiert 4\u00a0Jahren vor"},"absolute_dates":{"created":"Ver\u00f6ffentlicht am 16.05.2022","modified":"Aktualisiert am 18.05.2022"},"absolute_dates_time":{"created":"Ver\u00f6ffentlicht am 16.05.2022 14:05","modified":"Aktualisiert am 18.05.2022 10:19"},"featured_img_caption":"","featured_img":false,"series_order":"","_links":{"self":[{"href":"https:\/\/etshaim.de\/de\/wp-json\/wp\/v2\/pages\/2477","targetHints":{"allow":["GET"]}}],"collection":[{"href":"https:\/\/etshaim.de\/de\/wp-json\/wp\/v2\/pages"}],"about":[{"href":"https:\/\/etshaim.de\/de\/wp-json\/wp\/v2\/types\/page"}],"author":[{"embeddable":true,"href":"https:\/\/etshaim.de\/de\/wp-json\/wp\/v2\/users\/1"}],"replies":[{"embeddable":true,"href":"https:\/\/etshaim.de\/de\/wp-json\/wp\/v2\/comments?post=2477"}],"version-history":[{"count":0,"href":"https:\/\/etshaim.de\/de\/wp-json\/wp\/v2\/pages\/2477\/revisions"}],"wp:attachment":[{"href":"https:\/\/etshaim.de\/de\/wp-json\/wp\/v2\/media?parent=2477"}],"curies":[{"name":"wp","href":"https:\/\/api.w.org\/{rel}","templated":true}]}}