{"id":2458,"date":"2022-05-16T13:26:41","date_gmt":"2022-05-16T12:26:41","guid":{"rendered":"https:\/\/etshaim.de\/?page_id=2458"},"modified":"2023-04-24T12:27:34","modified_gmt":"2023-04-24T11:27:34","slug":"spende","status":"publish","type":"page","link":"https:\/\/etshaim.de\/en\/spende\/","title":{"rendered":"Spenden\/Donations\/Donations"},"content":{"rendered":"<div style=\"height:20px\" aria-hidden=\"true\" class=\"wp-block-spacer\"><\/div>\n\n\n\n<div class=\"wp-block-columns is-layout-flex wp-container-core-columns-is-layout-9d6595d7 wp-block-columns-is-layout-flex\">\n<div class=\"wp-block-column is-vertically-aligned-center is-layout-flow wp-block-column-is-layout-flow\" style=\"flex-basis:33.33%\">\n<figure class=\"wp-block-image size-full is-resized\"><img decoding=\"async\" data-src=\"https:\/\/etshaim.de\/wp-content\/uploads\/2020\/04\/paypal-784404_640-2.png\" alt=\"\" class=\"wp-image-1249 lazyload\" width=\"227\" height=\"114\" data-srcset=\"https:\/\/etshaim.de\/wp-content\/uploads\/2020\/04\/paypal-784404_640-2.png 640w, https:\/\/etshaim.de\/wp-content\/uploads\/2020\/04\/paypal-784404_640-2-300x150.png 300w\" data-sizes=\"(max-width: 227px) 100vw, 227px\" src=\"data:image\/svg+xml;base64,PHN2ZyB3aWR0aD0iMSIgaGVpZ2h0PSIxIiB4bWxucz0iaHR0cDovL3d3dy53My5vcmcvMjAwMC9zdmciPjwvc3ZnPg==\" style=\"--smush-placeholder-width: 227px; --smush-placeholder-aspect-ratio: 227\/114;\" \/><\/figure>\n\n\n\n<div class=\"wp-block-columns is-layout-flex wp-container-core-columns-is-layout-9d6595d7 wp-block-columns-is-layout-flex\">\n<div class=\"wp-block-column is-layout-flow wp-block-column-is-layout-flow\"><\/div>\n\n\n\n<div class=\"wp-block-column is-layout-flow wp-block-column-is-layout-flow\"><style>\r\n        .wpedon-container .wpedon-select,\r\n        .wpedon-container .wpedon-input {\r\n            width: 171px;\r\n            min-width: 171px;\r\n            max-width: 171px;\r\n        }\r\n    <\/style><div class='wpedon-container wpedon-align-left'><form target='_blank' action='https:\/\/www.paypal.com\/cgi-bin\/webscr' method='post' class='wpedon-form'><input type='hidden' name='cmd' value='_donations' \/><input type='hidden' name='business' value='paypal@beitsarshalom.org' \/><input type='hidden' name='currency_code' value='EUR' \/><input type='hidden' name='notify_url' value='https:\/\/etshaim.de\/wp-admin\/admin-post.php?action=add_wpedon_button_ipn'><input type='hidden' name='lc' value='de_DE'><input type='hidden' name='bn' value='WPPlugin_SP'><input type='hidden' name='return' value='www.etshaim.de' \/><input type='hidden' name='cancel_return' value='www.etshaim.de' \/><input class='wpedon_paypalbuttonimage' type='image' src='https:\/\/www.paypal.com\/de_DE\/DE\/i\/btn\/btn_donateCC_LG.gif' border='0' name='submit' alt='Make your payments with PayPal. It is free, secure, effective.' style='border: none;'><img alt='' border='0' style='--smush-placeholder-width: 1px; --smush-placeholder-aspect-ratio: 1\/1;border:none;display:none;' data-src='https:\/\/www.paypal.com\/de_DE\/i\/scr\/pixel.gif' width='1' height='1' src='data:image\/svg+xml;base64,PHN2ZyB3aWR0aD0iMSIgaGVpZ2h0PSIxIiB4bWxucz0iaHR0cDovL3d3dy53My5vcmcvMjAwMC9zdmciPjwvc3ZnPg==' class='lazyload'><input type='hidden' name='amount' id='amount_e7cb16910e0ffa8338970cb11f070b22' value='' \/><input type='hidden' name='price' id='price_e7cb16910e0ffa8338970cb11f070b22' value='' \/><input type='hidden' name='item_number' value='' \/><input type='hidden' name='item_name' value='Spende an Ets Haim Gemeinde, Muenchen' \/><input type='hidden' name='name' value='Spende an Ets Haim Gemeinde, Muenchen' \/><input type='hidden' name='custom' value='1245'><input type='hidden' name='no_shipping' value='1'><input type='hidden' name='no_note' value='1'><input type='hidden' name='currency_code' value='EUR'><\/form><\/div>\n<\/div>\n\n\n\n<div class=\"wp-block-column is-layout-flow wp-block-column-is-layout-flow\"><\/div>\n<\/div>\n\n\n\n<div class=\"wp-block-kadence-advancedbtn kb-buttons-wrap kb-btns_690861-e0 advgb-dyn-8b978362\"><a class=\"kb-button kt-button button kb-btn_4c5d2f-c5 kt-btn-size-standard kt-btn-width-type-auto kb-btn-global-inherit  kt-btn-has-text-true kt-btn-has-svg-false  wp-block-button__link wp-block-kadence-singlebtn\" href=\"https:\/\/www.beitsarshalom.org\/wp-content\/uploads\/2019\/04\/BSSE-SEPA-Lastschriftmandat.pdf\"><span class=\"kt-btn-inner-text\">Zum SEPA Lastschriftmandat<\/span><\/a><\/div>\n<\/div>\n\n\n\n<div class=\"wp-block-column is-layout-flow wp-block-column-is-layout-flow\" style=\"flex-basis:66.66%\">\n<p class=\"has-text-align-center\"><strong>\u00dcberweisung auf unser Konto<\/strong><\/p>\n\n\n\n<p class=\"has-text-align-center\">Beit Sar Shalom Evangeliumsdienst e.V.<\/p>\n\n\n\n<p class=\"has-text-align-center\"><strong>IBAN<\/strong> DE25 1001 0010 0625 7051 01<\/p>\n\n\n\n<p class=\"has-text-align-center\"><strong>BIC<\/strong> PBNKDEFF, Postbank Berlin<\/p>\n\n\n\n<p class=\"has-text-align-center\"><strong>Zweck<\/strong>\u00abSpende f\u00fcr Ets Haim, M\u00fcnchen.\u00bb<\/p>\n\n\n\n<p class=\"has-text-align-center\">(KontoNr. 625705101, BLZ 10010010)<\/p>\n<\/div>\n<\/div>\n\n\n\n<div class=\"wp-block-columns is-layout-flex wp-container-core-columns-is-layout-9d6595d7 wp-block-columns-is-layout-flex\">\n<div class=\"wp-block-column has-background is-layout-flow wp-block-column-is-layout-flow\" style=\"background-color:#f0f0f0\">\n<p class=\"has-text-align-center has-pale-cyan-blue-color has-text-color\"><strong>Vielen Dank f\u00fcr Ihre Unterst\u00fctzung unserer Dienste!<\/strong><\/p>\n<\/div>\n\n\n\n<div class=\"wp-block-column is-layout-flow wp-block-column-is-layout-flow\">\n<p class=\"has-text-align-center has-vivid-purple-color has-text-color\"><strong>Thank you so much for your support of our community! <\/strong><\/p>\n<\/div>\n\n\n\n<div class=\"wp-block-column has-background is-layout-flow wp-block-column-is-layout-flow\" style=\"background-color:#f0f0f0\">\n<p class=\"has-text-align-center has-vivid-green-cyan-color has-text-color\"><strong>Thanks so much for supporting our ministry!<\/strong><\/p>\n<\/div>\n<\/div>\n\n\n\n<p><\/p>\n<style class=\"advgb-styles-renderer\">.wp-block-kadence-advancedbtn.kb-btns_690861-e0{gap:var(--global-kb-gap-xs, 0.5rem );justify-content:center;align-items:center;}.kt-btns_690861-e0 .kt-button{font-weight:normal;font-style:normal;}ul.menu .wp-block-kadence-advancedbtn .kb-btn_4c5d2f-c5.kb-button{width:initial;}.wp-block-kadence-advancedbtn .kb-btn_4c5d2f-c5.kb-button{background:#8eb99f;font-size:19px;}.wp-block-kadence-advancedbtn .kb-btn_4c5d2f-c5.kb-button:hover, .wp-block-kadence-advancedbtn .kb-btn_4c5d2f-c5.kb-button:focus{background:#68558a;}<\/style>","protected":false},"excerpt":{"rendered":"<p>\u00dcberweisung auf unser Konto Beit Sar Shalom Evangeliumsdienst e.V. IBAN DE25 1001 0010 0625 7051 01 BIC PBNKDEFF, Postbank Berlin Zweck: \u00abSpende f\u00fcr Ets Haim, M\u00fcnchen\u00bb (KontoNr. 625705101, BLZ 10010010) Vielen Dank f\u00fcr Ihre Unterst\u00fctzung unsererer Dienste! Thank you so much for supporting our congregation! Thanks so much for supporting our ministry!<\/p>","protected":false},"author":1,"featured_media":0,"parent":0,"menu_order":0,"comment_status":"closed","ping_status":"closed","template":"","meta":{"_editorskit_title_hidden":false,"_editorskit_reading_time":1,"_editorskit_is_block_options_detached":false,"_editorskit_block_options_position":"{}","inline_featured_image":false,"_uag_custom_page_level_css":"","advgb_blocks_editor_width":"","advgb_blocks_columns_visual_guide":"","_exactmetrics_skip_tracking":false,"_exactmetrics_sitenote_active":false,"_exactmetrics_sitenote_note":"","_exactmetrics_sitenote_category":0,"ocean_post_layout":"","ocean_both_sidebars_style":"","ocean_both_sidebars_content_width":0,"ocean_both_sidebars_sidebars_width":0,"ocean_sidebar":"0","ocean_second_sidebar":"0","ocean_disable_margins":"enable","ocean_add_body_class":"","ocean_shortcode_before_top_bar":"","ocean_shortcode_after_top_bar":"","ocean_shortcode_before_header":"","ocean_shortcode_after_header":"","ocean_has_shortcode":"","ocean_shortcode_after_title":"","ocean_shortcode_before_footer_widgets":"","ocean_shortcode_after_footer_widgets":"","ocean_shortcode_before_footer_bottom":"","ocean_shortcode_after_footer_bottom":"","ocean_display_top_bar":"default","ocean_display_header":"off","ocean_header_style":"transparent","ocean_center_header_left_menu":"0","ocean_custom_header_template":"0","ocean_custom_logo":0,"ocean_custom_retina_logo":0,"ocean_custom_logo_max_width":0,"ocean_custom_logo_tablet_max_width":0,"ocean_custom_logo_mobile_max_width":0,"ocean_custom_logo_max_height":0,"ocean_custom_logo_tablet_max_height":0,"ocean_custom_logo_mobile_max_height":0,"ocean_header_custom_menu":"0","ocean_menu_typo_font_family":"0","ocean_menu_typo_font_subset":"","ocean_menu_typo_font_size":0,"ocean_menu_typo_font_size_tablet":0,"ocean_menu_typo_font_size_mobile":0,"ocean_menu_typo_font_size_unit":"px","ocean_menu_typo_font_weight":"","ocean_menu_typo_font_weight_tablet":"","ocean_menu_typo_font_weight_mobile":"","ocean_menu_typo_transform":"","ocean_menu_typo_transform_tablet":"","ocean_menu_typo_transform_mobile":"","ocean_menu_typo_line_height":0,"ocean_menu_typo_line_height_tablet":0,"ocean_menu_typo_line_height_mobile":0,"ocean_menu_typo_line_height_unit":"","ocean_menu_typo_spacing":0,"ocean_menu_typo_spacing_tablet":0,"ocean_menu_typo_spacing_mobile":0,"ocean_menu_typo_spacing_unit":"","ocean_menu_link_color":"","ocean_menu_link_color_hover":"","ocean_menu_link_color_active":"","ocean_menu_link_background":"","ocean_menu_link_hover_background":"","ocean_menu_link_active_background":"","ocean_menu_social_links_bg":"","ocean_menu_social_hover_links_bg":"","ocean_menu_social_links_color":"","ocean_menu_social_hover_links_color":"","ocean_disable_title":"default","ocean_disable_heading":"default","ocean_post_title":"","ocean_post_subheading":"","ocean_post_title_style":"","ocean_post_title_background_color":"","ocean_post_title_background":0,"ocean_post_title_bg_image_position":"","ocean_post_title_bg_image_attachment":"","ocean_post_title_bg_image_repeat":"","ocean_post_title_bg_image_size":"","ocean_post_title_height":0,"ocean_post_title_bg_overlay":0.5,"ocean_post_title_bg_overlay_color":"","ocean_disable_breadcrumbs":"default","ocean_breadcrumbs_color":"","ocean_breadcrumbs_separator_color":"","ocean_breadcrumbs_links_color":"","ocean_breadcrumbs_links_hover_color":"","ocean_display_footer_widgets":"default","ocean_display_footer_bottom":"default","ocean_custom_footer_template":"0","_themeisle_gutenberg_block_has_review":false,"footnotes":""},"class_list":["post-2458","page","type-page","status-publish","hentry","entry"],"yoast_head":"<!-- This site is optimized with the Yoast SEO plugin v27.6 - https:\/\/yoast.com\/product\/yoast-seo-wordpress\/ -->\n<title>Spenden\/Donations\/\u041f\u043e\u0436\u0435\u0440\u0442\u0432\u043e\u0432\u0430\u043d\u0438\u044f - \u042d\u0446-\u0425\u0430\u0438\u043c<\/title>\n<meta name=\"robots\" content=\"index, follow, max-snippet:-1, max-image-preview:large, max-video-preview:-1\" \/>\n<link rel=\"canonical\" href=\"https:\/\/etshaim.de\/en\/spende\/\" \/>\n<meta property=\"og:locale\" content=\"en_US\" \/>\n<meta property=\"og:type\" content=\"article\" \/>\n<meta property=\"og:title\" content=\"Spenden\/Donations\/\u041f\u043e\u0436\u0435\u0440\u0442\u0432\u043e\u0432\u0430\u043d\u0438\u044f - \u042d\u0446-\u0425\u0430\u0438\u043c\" \/>\n<meta property=\"og:description\" content=\"\u00dcberweisung auf unser Konto Beit Sar Shalom Evangeliumsdienst e.V. IBAN DE25 1001 0010 0625 7051 01 BIC PBNKDEFF, Postbank Berlin Zweck: &#171;Spende f\u00fcr Ets Haim, M\u00fcnchen&#187; (KontoNr. 625705101, BLZ 10010010) Vielen Dank f\u00fcr Ihre Unterst\u00fctzung unserer Dienste! \u0411\u043e\u043b\u044c\u0448\u043e\u0435 \u0441\u043f\u0430\u0441\u0438\u0431\u043e \u0437\u0430 \u0412\u0430\u0448\u0443 \u043f\u043e\u0434\u0434\u0435\u0440\u0436\u043a\u0443 \u043d\u0430\u0448\u0435\u0439 \u043e\u0431\u0449\u0438\u043d\u044b! Thanks so much for supporting our ministry!\" \/>\n<meta property=\"og:url\" content=\"https:\/\/etshaim.de\/en\/spende\/\" \/>\n<meta property=\"og:site_name\" content=\"\u042d\u0446-\u0425\u0430\u0438\u043c\" \/>\n<meta property=\"article:publisher\" content=\"https:\/\/www.facebook.com\/etshaim.m\/\" \/>\n<meta property=\"article:modified_time\" content=\"2023-04-24T11:27:34+00:00\" \/>\n<meta property=\"og:image\" content=\"https:\/\/etshaim.de\/wp-content\/uploads\/2020\/04\/paypal-784404_640-2.png\" \/>\n<meta name=\"twitter:card\" content=\"summary_large_image\" \/>\n<meta name=\"twitter:label1\" content=\"Est. reading time\" \/>\n\t<meta name=\"twitter:data1\" content=\"1 minute\" \/>\n<script type=\"application\/ld+json\" class=\"yoast-schema-graph\">{\"@context\":\"https:\\\/\\\/schema.org\",\"@graph\":[{\"@type\":\"WebPage\",\"@id\":\"https:\\\/\\\/etshaim.de\\\/spende\\\/\",\"url\":\"https:\\\/\\\/etshaim.de\\\/spende\\\/\",\"name\":\"Spenden\\\/Donations\\\/\u041f\u043e\u0436\u0435\u0440\u0442\u0432\u043e\u0432\u0430\u043d\u0438\u044f - \u042d\u0446-\u0425\u0430\u0438\u043c\",\"isPartOf\":{\"@id\":\"https:\\\/\\\/etshaim.de\\\/#website\"},\"primaryImageOfPage\":{\"@id\":\"https:\\\/\\\/etshaim.de\\\/spende\\\/#primaryimage\"},\"image\":{\"@id\":\"https:\\\/\\\/etshaim.de\\\/spende\\\/#primaryimage\"},\"thumbnailUrl\":\"https:\\\/\\\/etshaim.de\\\/wp-content\\\/uploads\\\/2020\\\/04\\\/paypal-784404_640-2.png\",\"datePublished\":\"2022-05-16T12:26:41+00:00\",\"dateModified\":\"2023-04-24T11:27:34+00:00\",\"breadcrumb\":{\"@id\":\"https:\\\/\\\/etshaim.de\\\/spende\\\/#breadcrumb\"},\"inLanguage\":\"en-US\",\"potentialAction\":[{\"@type\":\"ReadAction\",\"target\":[\"https:\\\/\\\/etshaim.de\\\/spende\\\/\"]}]},{\"@type\":\"ImageObject\",\"inLanguage\":\"en-US\",\"@id\":\"https:\\\/\\\/etshaim.de\\\/spende\\\/#primaryimage\",\"url\":\"https:\\\/\\\/etshaim.de\\\/wp-content\\\/uploads\\\/2020\\\/04\\\/paypal-784404_640-2.png\",\"contentUrl\":\"https:\\\/\\\/etshaim.de\\\/wp-content\\\/uploads\\\/2020\\\/04\\\/paypal-784404_640-2.png\"},{\"@type\":\"BreadcrumbList\",\"@id\":\"https:\\\/\\\/etshaim.de\\\/spende\\\/#breadcrumb\",\"itemListElement\":[{\"@type\":\"ListItem\",\"position\":1,\"name\":\"\u0413\u043b\u0430\u0432\u043d\u0430\u044f \u0441\u0442\u0440\u0430\u043d\u0438\u0446\u0430\",\"item\":\"https:\\\/\\\/etshaim.de\\\/\"},{\"@type\":\"ListItem\",\"position\":2,\"name\":\"Spenden\\\/Donations\\\/\u041f\u043e\u0436\u0435\u0440\u0442\u0432\u043e\u0432\u0430\u043d\u0438\u044f\"}]},{\"@type\":\"WebSite\",\"@id\":\"https:\\\/\\\/etshaim.de\\\/#website\",\"url\":\"https:\\\/\\\/etshaim.de\\\/\",\"name\":\"\u042d\u0446-\u0425\u0430\u0438\u043c\",\"description\":\"\",\"publisher\":{\"@id\":\"https:\\\/\\\/etshaim.de\\\/#organization\"},\"potentialAction\":[{\"@type\":\"SearchAction\",\"target\":{\"@type\":\"EntryPoint\",\"urlTemplate\":\"https:\\\/\\\/etshaim.de\\\/?s={search_term_string}\"},\"query-input\":{\"@type\":\"PropertyValueSpecification\",\"valueRequired\":true,\"valueName\":\"search_term_string\"}}],\"inLanguage\":\"en-US\"},{\"@type\":\"Organization\",\"@id\":\"https:\\\/\\\/etshaim.de\\\/#organization\",\"name\":\"\u0415\u0432\u0440\u0435\u0439\u0441\u043a\u0430\u044f \u043c\u0435\u0441\u0441\u0438\u0430\u043d\u0441\u043a\u0430\u044f \u043e\u0431\u0449\u0438\u043d\u0430 \u042d\u0446-\u0425\u0430\u0438\u043c\",\"url\":\"https:\\\/\\\/etshaim.de\\\/\",\"logo\":{\"@type\":\"ImageObject\",\"inLanguage\":\"en-US\",\"@id\":\"https:\\\/\\\/etshaim.de\\\/#\\\/schema\\\/logo\\\/image\\\/\",\"url\":\"https:\\\/\\\/etshaim.de\\\/wp-content\\\/uploads\\\/2018\\\/12\\\/Ez_haiim-LOGO-no-Bckgrnd-1.png\",\"contentUrl\":\"https:\\\/\\\/etshaim.de\\\/wp-content\\\/uploads\\\/2018\\\/12\\\/Ez_haiim-LOGO-no-Bckgrnd-1.png\",\"width\":2069,\"height\":1551,\"caption\":\"\u0415\u0432\u0440\u0435\u0439\u0441\u043a\u0430\u044f \u043c\u0435\u0441\u0441\u0438\u0430\u043d\u0441\u043a\u0430\u044f \u043e\u0431\u0449\u0438\u043d\u0430 \u042d\u0446-\u0425\u0430\u0438\u043c\"},\"image\":{\"@id\":\"https:\\\/\\\/etshaim.de\\\/#\\\/schema\\\/logo\\\/image\\\/\"},\"sameAs\":[\"https:\\\/\\\/www.facebook.com\\\/etshaim.m\\\/\",\"https:\\\/\\\/www.youtube.com\\\/channel\\\/UCtvQWmRQ9VnET_0b8eJ7trw?view_as=subscriber\"]}]}<\/script>\n<!-- \/ Yoast SEO plugin. -->","yoast_head_json":{"title":"Spenden\/Donations - Etz-Haim","robots":{"index":"index","follow":"follow","max-snippet":"max-snippet:-1","max-image-preview":"max-image-preview:large","max-video-preview":"max-video-preview:-1"},"canonical":"https:\/\/etshaim.de\/en\/spende\/","og_locale":"en_US","og_type":"article","og_title":"Spenden\/Donations\/\u041f\u043e\u0436\u0435\u0440\u0442\u0432\u043e\u0432\u0430\u043d\u0438\u044f - \u042d\u0446-\u0425\u0430\u0438\u043c","og_description":"\u00dcberweisung auf unser Konto Beit Sar Shalom Evangeliumsdienst e.V. IBAN DE25 1001 0010 0625 7051 01 BIC PBNKDEFF, Postbank Berlin Zweck: &#171;Spende f\u00fcr Ets Haim, M\u00fcnchen&#187; (KontoNr. 625705101, BLZ 10010010) Vielen Dank f\u00fcr Ihre Unterst\u00fctzung unserer Dienste! \u0411\u043e\u043b\u044c\u0448\u043e\u0435 \u0441\u043f\u0430\u0441\u0438\u0431\u043e \u0437\u0430 \u0412\u0430\u0448\u0443 \u043f\u043e\u0434\u0434\u0435\u0440\u0436\u043a\u0443 \u043d\u0430\u0448\u0435\u0439 \u043e\u0431\u0449\u0438\u043d\u044b! Thanks so much for supporting our ministry!","og_url":"https:\/\/etshaim.de\/en\/spende\/","og_site_name":"\u042d\u0446-\u0425\u0430\u0438\u043c","article_publisher":"https:\/\/www.facebook.com\/etshaim.m\/","article_modified_time":"2023-04-24T11:27:34+00:00","og_image":[{"url":"https:\/\/etshaim.de\/wp-content\/uploads\/2020\/04\/paypal-784404_640-2.png","type":"","width":"","height":""}],"twitter_card":"summary_large_image","twitter_misc":{"Est. reading time":"1 minute"},"schema":{"@context":"https:\/\/schema.org","@graph":[{"@type":"WebPage","@id":"https:\/\/etshaim.de\/spende\/","url":"https:\/\/etshaim.de\/spende\/","name":"Spenden\/Donations - Etz-Haim","isPartOf":{"@id":"https:\/\/etshaim.de\/#website"},"primaryImageOfPage":{"@id":"https:\/\/etshaim.de\/spende\/#primaryimage"},"image":{"@id":"https:\/\/etshaim.de\/spende\/#primaryimage"},"thumbnailUrl":"https:\/\/etshaim.de\/wp-content\/uploads\/2020\/04\/paypal-784404_640-2.png","datePublished":"2022-05-16T12:26:41+00:00","dateModified":"2023-04-24T11:27:34+00:00","breadcrumb":{"@id":"https:\/\/etshaim.de\/spende\/#breadcrumb"},"inLanguage":"en-US","potentialAction":[{"@type":"ReadAction","target":["https:\/\/etshaim.de\/spende\/"]}]},{"@type":"ImageObject","inLanguage":"en-US","@id":"https:\/\/etshaim.de\/spende\/#primaryimage","url":"https:\/\/etshaim.de\/wp-content\/uploads\/2020\/04\/paypal-784404_640-2.png","contentUrl":"https:\/\/etshaim.de\/wp-content\/uploads\/2020\/04\/paypal-784404_640-2.png"},{"@type":"BreadcrumbList","@id":"https:\/\/etshaim.de\/spende\/#breadcrumb","itemListElement":[{"@type":"ListItem","position":1,"name":"\u0413\u043b\u0430\u0432\u043d\u0430\u044f \u0441\u0442\u0440\u0430\u043d\u0438\u0446\u0430","item":"https:\/\/etshaim.de\/"},{"@type":"ListItem","position":2,"name":"Spenden\/Donations\/\u041f\u043e\u0436\u0435\u0440\u0442\u0432\u043e\u0432\u0430\u043d\u0438\u044f"}]},{"@type":"WebSite","@id":"https:\/\/etshaim.de\/#website","url":"https:\/\/etshaim.de\/","name":"Ez-Chaim","description":"","publisher":{"@id":"https:\/\/etshaim.de\/#organization"},"potentialAction":[{"@type":"SearchAction","target":{"@type":"EntryPoint","urlTemplate":"https:\/\/etshaim.de\/?s={search_term_string}"},"query-input":{"@type":"PropertyValueSpecification","valueRequired":true,"valueName":"search_term_string"}}],"inLanguage":"en-US"},{"@type":"Organization","@id":"https:\/\/etshaim.de\/#organization","name":"Jewish Messianic Community Etz-Haim","url":"https:\/\/etshaim.de\/","logo":{"@type":"ImageObject","inLanguage":"en-US","@id":"https:\/\/etshaim.de\/#\/schema\/logo\/image\/","url":"https:\/\/etshaim.de\/wp-content\/uploads\/2018\/12\/Ez_haiim-LOGO-no-Bckgrnd-1.png","contentUrl":"https:\/\/etshaim.de\/wp-content\/uploads\/2018\/12\/Ez_haiim-LOGO-no-Bckgrnd-1.png","width":2069,"height":1551,"caption":"\u0415\u0432\u0440\u0435\u0439\u0441\u043a\u0430\u044f \u043c\u0435\u0441\u0441\u0438\u0430\u043d\u0441\u043a\u0430\u044f \u043e\u0431\u0449\u0438\u043d\u0430 \u042d\u0446-\u0425\u0430\u0438\u043c"},"image":{"@id":"https:\/\/etshaim.de\/#\/schema\/logo\/image\/"},"sameAs":["https:\/\/www.facebook.com\/etshaim.m\/","https:\/\/www.youtube.com\/channel\/UCtvQWmRQ9VnET_0b8eJ7trw?view_as=subscriber"]}]}},"uagb_featured_image_src":{"full":false,"thumbnail":false,"medium":false,"medium_large":false,"large":false,"Series Engine Graphic":false,"Series Engine Graphic Thumb":false,"Series Engine Widget Thumb":false,"Series Engine Podcast Graphic":false,"1536x1536":false,"2048x2048":false,"trp-custom-language-flag":false,"ocean-thumb-m":false,"ocean-thumb-ml":false,"ocean-thumb-l":false,"audioigniter_cover":false},"uagb_author_info":{"display_name":"\u0418\u0433\u043e\u0440\u044c \u0421\u0432\u0438\u0434\u0435\u0440\u0441\u043a\u0438\u0439","author_link":"https:\/\/etshaim.de\/en\/author\/igors\/"},"uagb_comment_info":0,"uagb_excerpt":"\u00dcberweisung auf unser Konto Beit Sar Shalom Evangeliumsdienst e.V. IBAN DE25 1001 0010 0625 7051 01 BIC PBNKDEFF, Postbank Berlin Zweck: &#171;Spende f\u00fcr Ets Haim, M\u00fcnchen&#187; (KontoNr. 625705101, BLZ 10010010) Vielen Dank f\u00fcr Ihre Unterst\u00fctzung unserer Dienste! \u0411\u043e\u043b\u044c\u0448\u043e\u0435 \u0441\u043f\u0430\u0441\u0438\u0431\u043e \u0437\u0430 \u0412\u0430\u0448\u0443 \u043f\u043e\u0434\u0434\u0435\u0440\u0436\u043a\u0443 \u043d\u0430\u0448\u0435\u0439 \u043e\u0431\u0449\u0438\u043d\u044b! Thanks so much for supporting our ministry!","coauthors":[],"author_meta":{"author_link":"https:\/\/etshaim.de\/en\/author\/igors\/","display_name":"\u0418\u0433\u043e\u0440\u044c \u0421\u0432\u0438\u0434\u0435\u0440\u0441\u043a\u0438\u0439"},"relative_dates":{"created":"Posted 4 years ago","modified":"Updated 3 years ago"},"absolute_dates":{"created":"Posted on 16.05.2022","modified":"Updated on 24.04.2023"},"absolute_dates_time":{"created":"Posted on 16.05.2022 13:26","modified":"Updated on 24.04.2023 12:27"},"featured_img_caption":"","featured_img":false,"series_order":"","_links":{"self":[{"href":"https:\/\/etshaim.de\/en\/wp-json\/wp\/v2\/pages\/2458","targetHints":{"allow":["GET"]}}],"collection":[{"href":"https:\/\/etshaim.de\/en\/wp-json\/wp\/v2\/pages"}],"about":[{"href":"https:\/\/etshaim.de\/en\/wp-json\/wp\/v2\/types\/page"}],"author":[{"embeddable":true,"href":"https:\/\/etshaim.de\/en\/wp-json\/wp\/v2\/users\/1"}],"replies":[{"embeddable":true,"href":"https:\/\/etshaim.de\/en\/wp-json\/wp\/v2\/comments?post=2458"}],"version-history":[{"count":0,"href":"https:\/\/etshaim.de\/en\/wp-json\/wp\/v2\/pages\/2458\/revisions"}],"wp:attachment":[{"href":"https:\/\/etshaim.de\/en\/wp-json\/wp\/v2\/media?parent=2458"}],"curies":[{"name":"wp","href":"https:\/\/api.w.org\/{rel}","templated":true}]}}